{"id":532,"date":"2017-05-11T11:51:56","date_gmt":"2017-05-11T11:51:56","guid":{"rendered":"https:\/\/licebustersusa.com\/?page_id=532"},"modified":"2023-06-27T04:38:51","modified_gmt":"2023-06-27T04:38:51","slug":"coral-gables-lice-treatment-center","status":"publish","type":"page","link":"https:\/\/licebustersusa.com\/es\/coral-gables-lice-treatment-center\/","title":{"rendered":"(English) Coral Gables, Florida Lice Treatment Center"},"content":{"rendered":"<p class=\"qtranxs-available-languages-message qtranxs-available-languages-message-es\">Disculpa, pero esta entrada est\u00e1 disponible s\u00f3lo en <a href=\"https:\/\/licebustersusa.com\/en\/wp-json\/wp\/v2\/pages\/532\" class=\"qtranxs-available-language-link qtranxs-available-language-link-en\" title=\"English\">Ingl\u00e9s Estadounidense<\/a>.<\/p>","protected":false},"excerpt":{"rendered":"<p>Disculpa, pero esta entrada est\u00e1 disponible s\u00f3lo en Ingl\u00e9s Estadounidense.<\/p>\n","protected":false},"author":2,"featured_media":0,"parent":0,"menu_order":0,"comment_status":"closed","ping_status":"closed","template":"template-locations.php","meta":{"footnotes":""},"yst_prominent_words":[124,26,24,68,27,28,70,18],"_links":{"self":[{"href":"https:\/\/licebustersusa.com\/es\/wp-json\/wp\/v2\/pages\/532"}],"collection":[{"href":"https:\/\/licebustersusa.com\/es\/wp-json\/wp\/v2\/pages"}],"about":[{"href":"https:\/\/licebustersusa.com\/es\/wp-json\/wp\/v2\/types\/page"}],"author":[{"embeddable":true,"href":"https:\/\/licebustersusa.com\/es\/wp-json\/wp\/v2\/users\/2"}],"replies":[{"embeddable":true,"href":"https:\/\/licebustersusa.com\/es\/wp-json\/wp\/v2\/comments?post=532"}],"version-history":[{"count":0,"href":"https:\/\/licebustersusa.com\/es\/wp-json\/wp\/v2\/pages\/532\/revisions"}],"wp:attachment":[{"href":"https:\/\/licebustersusa.com\/es\/wp-json\/wp\/v2\/media?parent=532"}],"wp:term":[{"taxonomy":"yst_prominent_words","embeddable":true,"href":"https:\/\/licebustersusa.com\/es\/wp-json\/wp\/v2\/yst_prominent_words?post=532"}],"curies":[{"name":"wp","href":"https:\/\/api.w.org\/{rel}","templated":true}]}}