{"id":395,"date":"2017-03-07T10:10:38","date_gmt":"2017-03-07T10:10:38","guid":{"rendered":"https:\/\/licebustersusa.com\/?page_id=395"},"modified":"2022-10-17T12:59:55","modified_gmt":"2022-10-17T12:59:55","slug":"lice-removal-services","status":"publish","type":"page","link":"https:\/\/licebustersusa.com\/es\/lice-removal-services\/","title":{"rendered":"(English) Lice Removal Services"},"content":{"rendered":"<p class=\"qtranxs-available-languages-message qtranxs-available-languages-message-es\">Disculpa, pero esta entrada est\u00e1 disponible s\u00f3lo en <a href=\"https:\/\/licebustersusa.com\/en\/wp-json\/wp\/v2\/pages\/395\" class=\"qtranxs-available-language-link qtranxs-available-language-link-en\" title=\"English\">Ingl\u00e9s Estadounidense<\/a>.<\/p>","protected":false},"excerpt":{"rendered":"<p>Disculpa, pero esta entrada est\u00e1 disponible s\u00f3lo en Ingl\u00e9s Estadounidense.<\/p>\n","protected":false},"author":2,"featured_media":0,"parent":0,"menu_order":0,"comment_status":"closed","ping_status":"closed","template":"template-services.php","meta":{"footnotes":""},"yst_prominent_words":[57,168,55,50,165,162,68,30,52,18,167,163,94,164,166,17],"_links":{"self":[{"href":"https:\/\/licebustersusa.com\/es\/wp-json\/wp\/v2\/pages\/395"}],"collection":[{"href":"https:\/\/licebustersusa.com\/es\/wp-json\/wp\/v2\/pages"}],"about":[{"href":"https:\/\/licebustersusa.com\/es\/wp-json\/wp\/v2\/types\/page"}],"author":[{"embeddable":true,"href":"https:\/\/licebustersusa.com\/es\/wp-json\/wp\/v2\/users\/2"}],"replies":[{"embeddable":true,"href":"https:\/\/licebustersusa.com\/es\/wp-json\/wp\/v2\/comments?post=395"}],"version-history":[{"count":0,"href":"https:\/\/licebustersusa.com\/es\/wp-json\/wp\/v2\/pages\/395\/revisions"}],"wp:attachment":[{"href":"https:\/\/licebustersusa.com\/es\/wp-json\/wp\/v2\/media?parent=395"}],"wp:term":[{"taxonomy":"yst_prominent_words","embeddable":true,"href":"https:\/\/licebustersusa.com\/es\/wp-json\/wp\/v2\/yst_prominent_words?post=395"}],"curies":[{"name":"wp","href":"https:\/\/api.w.org\/{rel}","templated":true}]}}