{"id":391,"date":"2017-03-07T10:04:43","date_gmt":"2017-03-07T10:04:43","guid":{"rendered":"https:\/\/licebustersusa.com\/?page_id=391"},"modified":"2022-10-17T13:02:04","modified_gmt":"2022-10-17T13:02:04","slug":"in-home-lice-treatment","status":"publish","type":"page","link":"https:\/\/licebustersusa.com\/es\/in-home-lice-treatment\/","title":{"rendered":"(English) In-Home Lice Treatment"},"content":{"rendered":"<p class=\"qtranxs-available-languages-message qtranxs-available-languages-message-es\">Disculpa, pero esta entrada est\u00e1 disponible s\u00f3lo en <a href=\"https:\/\/licebustersusa.com\/en\/wp-json\/wp\/v2\/pages\/391\" class=\"qtranxs-available-language-link qtranxs-available-language-link-en\" title=\"English\">Ingl\u00e9s Estadounidense<\/a>.<\/p>","protected":false},"excerpt":{"rendered":"<p>Disculpa, pero esta entrada est\u00e1 disponible s\u00f3lo en Ingl\u00e9s Estadounidense.<\/p>\n","protected":false},"author":2,"featured_media":0,"parent":0,"menu_order":0,"comment_status":"closed","ping_status":"closed","template":"template-services.php","meta":{"footnotes":""},"yst_prominent_words":[96,70],"_links":{"self":[{"href":"https:\/\/licebustersusa.com\/es\/wp-json\/wp\/v2\/pages\/391"}],"collection":[{"href":"https:\/\/licebustersusa.com\/es\/wp-json\/wp\/v2\/pages"}],"about":[{"href":"https:\/\/licebustersusa.com\/es\/wp-json\/wp\/v2\/types\/page"}],"author":[{"embeddable":true,"href":"https:\/\/licebustersusa.com\/es\/wp-json\/wp\/v2\/users\/2"}],"replies":[{"embeddable":true,"href":"https:\/\/licebustersusa.com\/es\/wp-json\/wp\/v2\/comments?post=391"}],"version-history":[{"count":0,"href":"https:\/\/licebustersusa.com\/es\/wp-json\/wp\/v2\/pages\/391\/revisions"}],"wp:attachment":[{"href":"https:\/\/licebustersusa.com\/es\/wp-json\/wp\/v2\/media?parent=391"}],"wp:term":[{"taxonomy":"yst_prominent_words","embeddable":true,"href":"https:\/\/licebustersusa.com\/es\/wp-json\/wp\/v2\/yst_prominent_words?post=391"}],"curies":[{"name":"wp","href":"https:\/\/api.w.org\/{rel}","templated":true}]}}