{"id":1633,"date":"2020-07-09T21:59:11","date_gmt":"2020-07-09T21:59:11","guid":{"rendered":"https:\/\/licebustersusa.com\/?page_id=1633"},"modified":"2023-08-30T14:31:40","modified_gmt":"2023-08-30T14:31:40","slug":"plantation-lice-treatment-center","status":"publish","type":"page","link":"https:\/\/licebustersusa.com\/es\/plantation-lice-treatment-center\/","title":{"rendered":"(English) Plantation, Florida Lice Treatment Center"},"content":{"rendered":"<p class=\"qtranxs-available-languages-message qtranxs-available-languages-message-es\">Disculpa, pero esta entrada est\u00e1 disponible s\u00f3lo en <a href=\"https:\/\/licebustersusa.com\/en\/wp-json\/wp\/v2\/pages\/1633\" class=\"qtranxs-available-language-link qtranxs-available-language-link-en\" title=\"English\">Ingl\u00e9s Estadounidense<\/a>.<\/p>","protected":false},"excerpt":{"rendered":"<p>Disculpa, pero esta entrada est\u00e1 disponible s\u00f3lo en Ingl\u00e9s Estadounidense.<\/p>\n","protected":false},"author":2,"featured_media":0,"parent":0,"menu_order":0,"comment_status":"closed","ping_status":"closed","template":"template-locations.php","meta":{"footnotes":""},"yst_prominent_words":[40,23,37,68,30,25,28,41,14,15,38,203,18,39,42,17],"_links":{"self":[{"href":"https:\/\/licebustersusa.com\/es\/wp-json\/wp\/v2\/pages\/1633"}],"collection":[{"href":"https:\/\/licebustersusa.com\/es\/wp-json\/wp\/v2\/pages"}],"about":[{"href":"https:\/\/licebustersusa.com\/es\/wp-json\/wp\/v2\/types\/page"}],"author":[{"embeddable":true,"href":"https:\/\/licebustersusa.com\/es\/wp-json\/wp\/v2\/users\/2"}],"replies":[{"embeddable":true,"href":"https:\/\/licebustersusa.com\/es\/wp-json\/wp\/v2\/comments?post=1633"}],"version-history":[{"count":0,"href":"https:\/\/licebustersusa.com\/es\/wp-json\/wp\/v2\/pages\/1633\/revisions"}],"wp:attachment":[{"href":"https:\/\/licebustersusa.com\/es\/wp-json\/wp\/v2\/media?parent=1633"}],"wp:term":[{"taxonomy":"yst_prominent_words","embeddable":true,"href":"https:\/\/licebustersusa.com\/es\/wp-json\/wp\/v2\/yst_prominent_words?post=1633"}],"curies":[{"name":"wp","href":"https:\/\/api.w.org\/{rel}","templated":true}]}}